{"id":102,"date":"2026-01-07T21:21:55","date_gmt":"2026-01-07T21:21:55","guid":{"rendered":"https:\/\/hausarztpraxis-ol.de\/?page_id=102"},"modified":"2026-01-08T15:51:22","modified_gmt":"2026-01-08T15:51:22","slug":"impressum","status":"publish","type":"page","link":"https:\/\/hausarztpraxis-ol.de\/index.php\/impressum\/","title":{"rendered":"Impressum"},"content":{"rendered":"\t\t<div data-elementor-type=\"wp-page\" data-elementor-id=\"102\" class=\"elementor elementor-102\">\n\t\t\t\t<div class=\"elementor-element elementor-element-bdd2f2e e-flex e-con-boxed e-con e-parent\" data-id=\"bdd2f2e\" data-element_type=\"container\" data-e-type=\"container\">\n\t\t\t\t\t<div class=\"e-con-inner\">\n\t\t\t\t<div class=\"elementor-element elementor-element-2c8f2bb elementor-widget elementor-widget-text-editor\" data-id=\"2c8f2bb\" data-element_type=\"widget\" data-e-type=\"widget\" data-widget_type=\"text-editor.default\">\n\t\t\t\t\t\t\t\t\t<p class=\"western\"><strong>Hausarztpraxis Alte Molkerei Oldenburg<\/strong><\/p><p class=\"western\"><strong>Arzt Ralf Witt\u00a0<\/strong><\/p><p>Bloherfelder Stra\u00dfe 2-6<br \/>26129 Oldenburg<\/p><p><strong>Telefon: <a href=\"tel:+49441506415\">0441 &#8211; 506415<\/a><\/strong><\/p><p><strong>E-Mail: kontakt(at)hausarztpraxis-ol.de<\/strong><br \/><strong>Internet: www.hausarztpraxis-ol.de<\/strong><\/p><p>Pflichtangaben gem\u00e4\u00df Digitale-Dienste-Gesetzt (DDG)<\/p><p>G\u00fcltig ist die <a href=\"https:\/\/www.aekn.de\/fileadmin\/inhalte\/pdf\/arzt-und-recht\/berufsrecht-niedersachsen\/BO_komplett_16052022.pdf\" target=\"_blank\" rel=\"noopener\">Berufsordnung der \u00c4rztekammer Niedersachsen<\/a> sowie die <a href=\"https:\/\/www.aekn.de\/fileadmin\/inhalte\/pdf\/weiterbildung\/weiterbildungsordnung\/wbo_2020\/WBO_01_05_2020.pdf\" target=\"_blank\" rel=\"noopener\">Weiterbildungsordnung (WBO)<\/a><\/p><p><strong>Zust\u00e4ndige \u00c4rztekammer:<\/strong><br \/>\u00c4rztekammer Niedersachsen<br \/>Berliner Allee 20, 30175 Hannover<br \/>Tel.: 0511 &#8211; 380 02, Fax: 0511 &#8211; 380 2240<br \/>Internet: <a href=\"https:\/\/www.aekn.de\" target=\"_blank\" rel=\"noopener\">www.aekn.de<\/a><\/p><p><strong>Zust\u00e4ndige Kassen\u00e4rztliche Vereinigung:\u00a0<br \/><\/strong>Kassen\u00e4rztliche Vereinigung Niedersachsen &#8211; KVN<br \/>Berliner Allee 22, 30175 Hannover <br \/>Tel.: 0511 &#8211; 380 03, Fax: 0511 &#8211; 380 3491<br \/>Internet: <a href=\"https:\/\/www.kvn.de\" target=\"_blank\" rel=\"noopener\">www.kvn.de<\/a><\/p><p>Die Berufsbezeichnung Arzt wurde Ralf Witt in Deutschland verliehen.<\/p><p><strong><br \/>Disclaimer \u2013 rechtliche Hinweise<\/strong><\/p><p class=\"western\"><strong>1. Haftungsbeschr\u00e4nkung<\/strong><\/p><p>Die Inhalte dieser Website werden mit gr\u00f6\u00dftm\u00f6glicher Sorgfalt erstellt. Der Anbieter \u00fcbernimmt jedoch keine Gew\u00e4hr f\u00fcr die Richtigkeit, Vollst\u00e4ndigkeit und Aktualit\u00e4t der bereitgestellten Inhalte. Die Nutzung der Inhalte der Website erfolgt auf eigene Gefahr des Nutzers. Namentlich gekennzeichnete Beitr\u00e4ge geben die Meinung des jeweiligen Autors und nicht immer die Meinung des Anbieters wieder. Mit der reinen Nutzung der Website des Anbieters kommt keinerlei Vertragsverh\u00e4ltnis zwischen dem Nutzer und dem Anbieter zustande.<\/p><p class=\"western\"><strong>2. Externe Links<\/strong><\/p><p>Diese Website enth\u00e4lt Verkn\u00fcpfungen zu Websites Dritter (\u201eexterne Links\u201c). Diese Websites unterliegen der Haftung der jeweiligen Betreiber. Der Anbieter hat bei der erstmaligen Verkn\u00fcpfung der externen Links die fremden Inhalte daraufhin \u00fcberpr\u00fcft, ob etwaige Rechtsverst\u00f6\u00dfe bestehen. Zu dem Zeitpunkt waren keine Rechtsverst\u00f6\u00dfe ersichtlich. Der Anbieter hat keinerlei Einfluss auf die aktuelle und zuk\u00fcnftige Gestaltung und auf die Inhalte der verkn\u00fcpften Seiten. Das Setzen von externen Links bedeutet nicht, dass sich der Anbieter die hinter dem Verweis oder Link liegenden Inhalte zu Eigen macht. Eine st\u00e4ndige Kontrolle dieser externen Links ist f\u00fcr den Anbieter ohne konkrete Hinweise auf Rechtsverst\u00f6\u00dfe nicht zumutbar. Bei Kenntnis von Rechtsverst\u00f6\u00dfen werden jedoch derartige externe Links unverz\u00fcglich gel\u00f6scht.<\/p><p class=\"western\"><strong>3. Urheber- und Leistungsschutzrechte<\/strong><\/p><p>Die auf dieser Website ver\u00f6ffentlichten Inhalte unterliegen dem deutschen Urheber- und Leistungsschutzrecht. Jede vom deutschen Urheber- und Leistungsschutzrecht nicht zugelassene Verwertung bedarf der vorherigen schriftlichen Zustimmung des Anbieters oder jeweiligen Rechteinhabers. Dies gilt insbesondere f\u00fcr Vervielf\u00e4ltigung, Bearbeitung, \u00dcbersetzung, Einspeicherung, Verarbeitung bzw. Wiedergabe von Inhalten in Datenbanken oder anderen elektronischen Medien und Systemen. Inhalte und Rechte Dritter sind dabei als solche gekennzeichnet. Die unerlaubte Vervielf\u00e4ltigung oder Weitergabe einzelner Inhalte oder kompletter Seiten ist nicht gestattet und strafbar. Lediglich die Herstellung von Kopien und Downloads f\u00fcr den pers\u00f6nlichen, privaten und nicht kommerziellen Gebrauch ist erlaubt.<\/p><p>Die Darstellung dieser Website in fremden Frames ist nur mit schriftlicher Erlaubnis zul\u00e4ssig.<\/p><p class=\"western\"><strong>4. Datenschutz<\/strong><\/p><p>Durch den Besuch der Website des Anbieters k\u00f6nnen Informationen \u00fcber den Zugriff (Datum, Uhrzeit, betrachtete Seite) gespeichert werden. Diese Daten geh\u00f6ren nicht zu den personenbezogenen Daten, sondern sind anonymisiert. Sie werden ausschlie\u00dflich zu statistischen Zwecken ausgewertet. Eine Weitergabe an Dritte, zu kommerziellen oder nicht kommerziellen Zwecken, findet nicht statt.<\/p><p>Der Anbieter weist ausdr\u00fccklich darauf hin, dass die Daten\u00fcbertragung im Internet (z.B. bei der Kommunikation per E-Mail) Sicherheitsl\u00fccken aufweisen und nicht l\u00fcckenlos vor dem Zugriff durch Dritte gesch\u00fctzt werden kann.<\/p><p>Die Verwendung der Kontaktdaten des Impressums zur gewerblichen Werbung ist ausdr\u00fccklich nicht erw\u00fcnscht, es sei denn der Anbieter hatte zuvor seine schriftliche Einwilligung erteilt oder es besteht bereits eine Gesch\u00e4ftsbeziehung. Der Anbieter und alle auf dieser Website genannten Personen widersprechen hiermit jeder kommerziellen Verwendung und Weitergabe ihrer Daten.<\/p><p class=\"western\"><strong>5. Besondere Nutzungsbedingungen<\/strong><\/p><p>Soweit besondere Bedingungen f\u00fcr einzelne Nutzungen dieser Website von den vorgenannten Nummern 1. bis 4. abweichen, wird an entsprechender Stelle ausdr\u00fccklich darauf hingewiesen. In diesem Falle gelten im jeweiligen Einzelfall die besonderen Nutzungsbedingungen.<\/p>\t\t\t\t\t\t\t\t<\/div>\n\t\t\t\t\t<\/div>\n\t\t\t\t<\/div>\n\t\t\t\t<\/div>\n\t\t","protected":false},"excerpt":{"rendered":"<p>Hausarztpraxis Alte Molkerei Oldenburg Arzt Ralf Witt\u00a0 Bloherfelder Stra\u00dfe 2-626129 Oldenburg Telefon: 0441 &#8211; 506415 E-Mail: kontakt(at)hausarztpraxis-ol.deInternet: www.hausarztpraxis-ol.de Pflichtangaben gem\u00e4\u00df [&hellip;]<\/p>\n","protected":false},"author":1,"featured_media":0,"parent":0,"menu_order":0,"comment_status":"closed","ping_status":"closed","template":"","meta":{"_seopress_robots_primary_cat":"","_seopress_titles_title":"Impressum Hausarztpraxis Alte Molkerei Oldenburg","_seopress_titles_desc":"Impressum der Hausarztpraxis Witt + Hemker Alte Molkerei Bloherfelder Stra\u00dfe 2-4 26129 Oldenburg \u2713","_seopress_robots_index":"yes","site-sidebar-layout":"no-sidebar","site-content-layout":"","ast-site-content-layout":"full-width-container","site-content-style":"default","site-sidebar-style":"default","ast-global-header-display":"","ast-banner-title-visibility":"","ast-main-header-display":"","ast-hfb-above-header-display":"","ast-hfb-below-header-display":"","ast-hfb-mobile-header-display":"","site-post-title":"disabled","ast-breadcrumbs-content":"","ast-featured-img":"disabled","footer-sml-layout":"","ast-disable-related-posts":"","theme-transparent-header-meta":"default","adv-header-id-meta":"","stick-header-meta":"","header-above-stick-meta":"","header-main-stick-meta":"","header-below-stick-meta":"","astra-migrate-meta-layouts":"set","ast-page-background-enabled":"default","ast-page-background-meta":{"desktop":{"background-color":"var(--ast-global-color-5)","background-image":"","background-repeat":"repeat","background-position":"center center","background-size":"auto","background-attachment":"scroll","background-type":"","background-media":"","overlay-type":"","overlay-color":"","overlay-opacity":"","overlay-gradient":""},"tablet":{"background-color":"","background-image":"","background-repeat":"repeat","background-position":"center center","background-size":"auto","background-attachment":"scroll","background-type":"","background-media":"","overlay-type":"","overlay-color":"","overlay-opacity":"","overlay-gradient":""},"mobile":{"background-color":"","background-image":"","background-repeat":"repeat","background-position":"center center","background-size":"auto","background-attachment":"scroll","background-type":"","background-media":"","overlay-type":"","overlay-color":"","overlay-opacity":"","overlay-gradient":""}},"ast-content-background-meta":{"desktop":{"background-color":"var(--ast-global-color-4)","background-image":"","background-repeat":"repeat","background-position":"center center","background-size":"auto","background-attachment":"scroll","background-type":"","background-media":"","overlay-type":"","overlay-color":"","overlay-opacity":"","overlay-gradient":""},"tablet":{"background-color":"var(--ast-global-color-4)","background-image":"","background-repeat":"repeat","background-position":"center center","background-size":"auto","background-attachment":"scroll","background-type":"","background-media":"","overlay-type":"","overlay-color":"","overlay-opacity":"","overlay-gradient":""},"mobile":{"background-color":"var(--ast-global-color-4)","background-image":"","background-repeat":"repeat","background-position":"center center","background-size":"auto","background-attachment":"scroll","background-type":"","background-media":"","overlay-type":"","overlay-color":"","overlay-opacity":"","overlay-gradient":""}},"footnotes":""},"class_list":["post-102","page","type-page","status-publish","hentry"],"_links":{"self":[{"href":"https:\/\/hausarztpraxis-ol.de\/index.php\/wp-json\/wp\/v2\/pages\/102","targetHints":{"allow":["GET"]}}],"collection":[{"href":"https:\/\/hausarztpraxis-ol.de\/index.php\/wp-json\/wp\/v2\/pages"}],"about":[{"href":"https:\/\/hausarztpraxis-ol.de\/index.php\/wp-json\/wp\/v2\/types\/page"}],"author":[{"embeddable":true,"href":"https:\/\/hausarztpraxis-ol.de\/index.php\/wp-json\/wp\/v2\/users\/1"}],"replies":[{"embeddable":true,"href":"https:\/\/hausarztpraxis-ol.de\/index.php\/wp-json\/wp\/v2\/comments?post=102"}],"version-history":[{"count":36,"href":"https:\/\/hausarztpraxis-ol.de\/index.php\/wp-json\/wp\/v2\/pages\/102\/revisions"}],"predecessor-version":[{"id":258,"href":"https:\/\/hausarztpraxis-ol.de\/index.php\/wp-json\/wp\/v2\/pages\/102\/revisions\/258"}],"wp:attachment":[{"href":"https:\/\/hausarztpraxis-ol.de\/index.php\/wp-json\/wp\/v2\/media?parent=102"}],"curies":[{"name":"wp","href":"https:\/\/api.w.org\/{rel}","templated":true}]}}